{"id":1136,"date":"2020-02-10T11:22:59","date_gmt":"2020-02-10T10:22:59","guid":{"rendered":"https:\/\/holapu.com\/?page_id=1136"},"modified":"2025-03-20T18:23:36","modified_gmt":"2025-03-20T17:23:36","slug":"murs-a-briser","status":"publish","type":"page","link":"https:\/\/holapu.com\/en\/murs-a-briser\/","title":{"rendered":"Walls To Break"},"content":{"rendered":"<div data-elementor-type=\"wp-page\" data-elementor-id=\"1136\" class=\"elementor elementor-1136\">\n\t\t\t\t\t\t<section class=\"elementor-section elementor-top-section elementor-element elementor-element-c4eaa64 elementor-section-boxed elementor-section-height-default elementor-section-height-default\" data-id=\"c4eaa64\" data-element_type=\"section\" data-e-type=\"section\">\n\t\t\t\t\t\t<div class=\"elementor-container elementor-column-gap-default\">\n\t\t\t\t\t<div class=\"elementor-column elementor-col-33 elementor-top-column elementor-element elementor-element-a730b7b\" data-id=\"a730b7b\" data-element_type=\"column\" data-e-type=\"column\">\n\t\t\t<div class=\"elementor-widget-wrap elementor-element-populated\">\n\t\t\t\t\t\t<div class=\"elementor-element elementor-element-1248043 elementor-widget elementor-widget-image\" data-id=\"1248043\" data-element_type=\"widget\" data-e-type=\"widget\" data-widget_type=\"image.default\">\n\t\t\t\t<div class=\"elementor-widget-container\">\n\t\t\t\t\t\t\t\t\t\t\t\t\t\t\t<img fetchpriority=\"high\" decoding=\"async\" width=\"500\" height=\"707\" src=\"https:\/\/holapu.com\/wp-content\/uploads\/2021\/01\/Cover-1.png\" class=\"attachment-large size-large wp-image-4693\" alt=\"murs a briser,murs \u00e0 briser, walls to break,alis,alis murs a briser,alis murs \u00e0 briser,alis walls to break,walls to break alis,murs a briser alis,murs \u00e0 briser alis,matt,matt murs a briser,matt murs \u00e0 briser,matt walls to break,walls to break matt,murs a briser matt,murs \u00e0 briser matt,doudy,holapu,comic,comics,comic book,comics books,bd,bande dessinee,bande dessin\u00e9e,bandes dessin\u00e9es,bandes dessinees,flo,flo murs a briser,flo murs \u00e0 briser,flo walls to break,walls to break flo,murs a briser flo,murs \u00e0 briser flo,dan,dan murs a briser,dan murs \u00e0 briser,dan walls to break,walls to break dan,murs a briser dan,murs \u00e0 briser dan,danae,dana\u00e9,dana\u00e9 murs a briser, danae murs a briser,dana\u00e9 murs \u00e0 briser,dana\u00e9 murs a briser,danae walls to break,walls to break danae,murs a briser danae,murs \u00e0 briser danae,murs a briser dana\u00e9,murs \u00e0 briser dana\u00e9,anxiete,anxi\u00e9t\u00e9,anxi\u00e9te,anxiet\u00e9,jeune adulte,jeunes adultes,jeunes adulte,jeune adultes,young adult,anxiety,anxiety disorder,jeunesse,bande dessinee jeunesse,bande dessin\u00e9e jeunesse,bandes dessinees jeunesse,bandes dessinees jeunesse,bande dessin\u00e9es jeunesse,bandes dessin\u00e9es jeunesse,bandes dessin\u00e9es jeunesse,fred,fred murs a briser,fred murs \u00e0 briser,fred walls to break,walls to break fred,murs a briser fred,murs \u00e0 briser fred,yoann,yoann murs a briser,yoann murs \u00e0 briser,yoann walls to break,walls to break yoann,murs a briser yoann,murs \u00e0 briser yoann,naledi,naledi murs a briser,naledi murs \u00e0 briser,naledi walls to break,walls to break naledi,murs a briser naledi,murs \u00e0 briser naledi,naly,naly murs a briser,naly murs \u00e0 briser,naly walls to break,walls to break naly,murs a briser naly,murs \u00e0 briser naly,andrea,andrea murs a briser,andrea murs \u00e0 briser,andrea walls to break,walls to break andrea,murs a briser andrea,murs \u00e0 briser andrea,andr\u00e9a,andr\u00e9a murs a briser,andr\u00e9a murs \u00e0 briser,andr\u00e9a walls to break,walls to break andr\u00e9a,murs a briser andr\u00e9a,murs \u00e0 briser andr\u00e9a\" \/>\t\t\t\t\t\t\t\t\t\t\t\t\t\t\t<\/div>\n\t\t\t\t<\/div>\n\t\t\t\t\t<\/div>\n\t\t<\/div>\n\t\t\t\t<div class=\"elementor-column elementor-col-33 elementor-top-column elementor-element elementor-element-ab46337\" data-id=\"ab46337\" data-element_type=\"column\" data-e-type=\"column\">\n\t\t\t<div class=\"elementor-widget-wrap elementor-element-populated\">\n\t\t\t\t\t\t<div class=\"elementor-element elementor-element-a471955 elementor-widget elementor-widget-image\" data-id=\"a471955\" data-element_type=\"widget\" data-e-type=\"widget\" data-widget_type=\"image.default\">\n\t\t\t\t<div class=\"elementor-widget-container\">\n\t\t\t\t\t\t\t\t\t\t\t\t\t\t\t<img decoding=\"async\" width=\"500\" height=\"707\" src=\"https:\/\/holapu.com\/wp-content\/uploads\/2021\/01\/x-Cover-4.png\" class=\"attachment-large size-large wp-image-4698\" alt=\"murs a briser,murs \u00e0 briser, walls to break,alis,alis murs a briser,alis murs \u00e0 briser,alis walls to break,walls to break alis,murs a briser alis,murs \u00e0 briser alis,matt,matt murs a briser,matt murs \u00e0 briser,matt walls to break,walls to break matt,murs a briser matt,murs \u00e0 briser matt,doudy,holapu,comic,comics,comic book,comics books,bd,bande dessinee,bande dessin\u00e9e,bandes dessin\u00e9es,bandes dessinees,flo,flo murs a briser,flo murs \u00e0 briser,flo walls to break,walls to break flo,murs a briser flo,murs \u00e0 briser flo,dan,dan murs a briser,dan murs \u00e0 briser,dan walls to break,walls to break dan,murs a briser dan,murs \u00e0 briser dan,danae,dana\u00e9,dana\u00e9 murs a briser, danae murs a briser,dana\u00e9 murs \u00e0 briser,dana\u00e9 murs a briser,danae walls to break,walls to break danae,murs a briser danae,murs \u00e0 briser danae,murs a briser dana\u00e9,murs \u00e0 briser dana\u00e9,anxiete,anxi\u00e9t\u00e9,anxi\u00e9te,anxiet\u00e9,jeune adulte,jeunes adultes,jeunes adulte,jeune adultes,young adult,anxiety,anxiety disorder,jeunesse,bande dessinee jeunesse,bande dessin\u00e9e jeunesse,bandes dessinees jeunesse,bandes dessinees jeunesse,bande dessin\u00e9es jeunesse,bandes dessin\u00e9es jeunesse,bandes dessin\u00e9es jeunesse\" \/>\t\t\t\t\t\t\t\t\t\t\t\t\t\t\t<\/div>\n\t\t\t\t<\/div>\n\t\t\t\t\t<\/div>\n\t\t<\/div>\n\t\t\t\t<div class=\"elementor-column elementor-col-33 elementor-top-column elementor-element elementor-element-d3c63c6\" data-id=\"d3c63c6\" data-element_type=\"column\" data-e-type=\"column\">\n\t\t\t<div class=\"elementor-widget-wrap elementor-element-populated\">\n\t\t\t\t\t\t<div class=\"elementor-element elementor-element-e65e08e elementor-widget elementor-widget-text-editor\" data-id=\"e65e08e\" data-element_type=\"widget\" data-e-type=\"widget\" data-widget_type=\"text-editor.default\">\n\t\t\t\t<div class=\"elementor-widget-container\">\n\t\t\t\t\t\t\t\t\t<p>\u00a0<\/p><p>Get the comic book <a href=\"https:\/\/holapu.com\/en\/shop\/livre-murs-a-briser\/\">here<\/a>!<\/p>\t\t\t\t\t\t\t\t<\/div>\n\t\t\t\t<\/div>\n\t\t\t\t\t<\/div>\n\t\t<\/div>\n\t\t\t\t\t<\/div>\n\t\t<\/section>\n\t\t\t\t<section class=\"elementor-section elementor-top-section elementor-element elementor-element-f884d30 elementor-section-full_width elementor-section-stretched elementor-section-height-default elementor-section-height-default\" data-id=\"f884d30\" data-element_type=\"section\" data-e-type=\"section\" data-settings=\"{&quot;stretch_section&quot;:&quot;section-stretched&quot;,&quot;background_background&quot;:&quot;classic&quot;}\">\n\t\t\t\t\t\t<div class=\"elementor-container elementor-column-gap-default\">\n\t\t\t\t\t<div class=\"elementor-column elementor-col-50 elementor-top-column elementor-element elementor-element-a7c2660\" data-id=\"a7c2660\" data-element_type=\"column\" data-e-type=\"column\">\n\t\t\t<div class=\"elementor-widget-wrap elementor-element-populated\">\n\t\t\t\t\t\t<div class=\"elementor-element elementor-element-4ffce58 elementor-widget elementor-widget-text-editor\" data-id=\"4ffce58\" data-element_type=\"widget\" data-e-type=\"widget\" data-widget_type=\"text-editor.default\">\n\t\t\t\t<div class=\"elementor-widget-container\">\n\t\t\t\t\t\t\t\t\t<p><span style=\"font-family: Roboto, sans-serif; font-style: normal; font-variant-ligatures: normal; font-variant-caps: normal; font-weight: 400; color: #000000; font-size: medium;\">\u00a0<\/span><\/p><p><span style=\"font-family: Roboto, sans-serif; font-style: normal; font-variant-ligatures: normal; font-variant-caps: normal; color: #000000; font-size: medium;\">Visit Dan and Flo's blog on <a href=\"https:\/\/murs-a-briser.tumblr.com\/\" target=\"_blank\" rel=\"noopener\">Tumblr<\/a><\/span><span style=\"font-family: Roboto, sans-serif; font-style: normal; font-variant-ligatures: normal; font-variant-caps: normal; color: #000000; font-size: medium;\">\u00a0and <a href=\"https:\/\/www.deviantart.com\/doudy20\/gallery\/64956498\/walls-to-break-murs-a-briser\" target=\"_blank\" rel=\"noopener\">Deviantart<\/a><\/span><span style=\"font-family: Roboto, sans-serif; font-style: normal; font-variant-ligatures: normal; font-variant-caps: normal; color: #000000; font-size: medium;\">!<\/span><\/p>\t\t\t\t\t\t\t\t<\/div>\n\t\t\t\t<\/div>\n\t\t\t\t\t<\/div>\n\t\t<\/div>\n\t\t\t\t<div class=\"elementor-column elementor-col-50 elementor-top-column elementor-element elementor-element-e300c57\" data-id=\"e300c57\" data-element_type=\"column\" data-e-type=\"column\">\n\t\t\t<div class=\"elementor-widget-wrap elementor-element-populated\">\n\t\t\t\t\t\t<div class=\"elementor-element elementor-element-07089d7 elementor-widget elementor-widget-image\" data-id=\"07089d7\" data-element_type=\"widget\" data-e-type=\"widget\" data-widget_type=\"image.default\">\n\t\t\t\t<div class=\"elementor-widget-container\">\n\t\t\t\t\t\t\t\t\t\t\t\t\t\t\t<img decoding=\"async\" src=\"https:\/\/holapu.com\/wp-content\/uploads\/2020\/02\/Dan-and-Flos-blog.png\" title=\"Le blog de Dan et Flo!\" alt=\"Le blog de Dan et Flo!\" loading=\"lazy\" \/>\t\t\t\t\t\t\t\t\t\t\t\t\t\t\t<\/div>\n\t\t\t\t<\/div>\n\t\t\t\t\t<\/div>\n\t\t<\/div>\n\t\t\t\t\t<\/div>\n\t\t<\/section>\n\t\t\t\t<\/div>","protected":false},"excerpt":{"rendered":"<p>\u00a0 Obtenez le livre de la BD ici! \u00a0 Visitez le blog de Dan et Flo sur Tumblr\u00a0et Deviantart!<\/p>","protected":false},"author":1,"featured_media":4693,"parent":0,"menu_order":0,"comment_status":"closed","ping_status":"closed","template":"","meta":{"footnotes":""},"class_list":["post-1136","page","type-page","status-publish","has-post-thumbnail","hentry","entry","has-media"],"yoast_head":"<!-- This site is optimized with the Yoast SEO plugin v27.5 - https:\/\/yoast.com\/product\/yoast-seo-wordpress\/ -->\n<title>Murs \u00c0 Briser - Holapu<\/title>\n<meta name=\"description\" content=\"Page officielle de la bande dessin\u00e9e Murs \u00c0 Briser de Doudy. Pr\u00e9sentation, liens vers les blogs des personnages, acc\u00e8s au livre en vente...\" \/>\n<meta name=\"robots\" content=\"index, follow, max-snippet:-1, max-image-preview:large, max-video-preview:-1\" \/>\n<link rel=\"canonical\" href=\"https:\/\/holapu.com\/en\/murs-a-briser\/\" \/>\n<meta property=\"og:locale\" content=\"en_US\" \/>\n<meta property=\"og:type\" content=\"article\" \/>\n<meta property=\"og:title\" content=\"Murs \u00c0 Briser - Holapu\" \/>\n<meta property=\"og:description\" content=\"Page officielle de la bande dessin\u00e9e Murs \u00c0 Briser de Doudy. Pr\u00e9sentation, liens vers les blogs des personnages, acc\u00e8s au livre en vente...\" \/>\n<meta property=\"og:url\" content=\"https:\/\/holapu.com\/en\/murs-a-briser\/\" \/>\n<meta property=\"og:site_name\" content=\"Holapu\" \/>\n<meta property=\"article:publisher\" content=\"https:\/\/www.facebook.com\/DoudyCD\/\" \/>\n<meta property=\"article:modified_time\" content=\"2025-03-20T17:23:36+00:00\" \/>\n<meta property=\"og:image\" content=\"https:\/\/holapu.com\/wp-content\/uploads\/2021\/01\/1-Couverture-1.png\" \/>\n\t<meta property=\"og:image:width\" content=\"500\" \/>\n\t<meta property=\"og:image:height\" content=\"707\" \/>\n\t<meta property=\"og:image:type\" content=\"image\/png\" \/>\n<meta name=\"twitter:card\" content=\"summary_large_image\" \/>\n<meta name=\"twitter:image\" content=\"https:\/\/holapu.com\/wp-content\/uploads\/2021\/01\/1-Couverture-1.png\" \/>\n<meta name=\"twitter:site\" content=\"@DoudyCD\" \/>\n<meta name=\"twitter:label1\" content=\"Est. reading time\" \/>\n\t<meta name=\"twitter:data1\" content=\"1 minute\" \/>\n<script type=\"application\/ld+json\" class=\"yoast-schema-graph\">{\"@context\":\"https:\\\/\\\/schema.org\",\"@graph\":[{\"@type\":\"WebPage\",\"@id\":\"https:\\\/\\\/holapu.com\\\/murs-a-briser\\\/\",\"url\":\"https:\\\/\\\/holapu.com\\\/murs-a-briser\\\/\",\"name\":\"Murs \u00c0 Briser - Holapu\",\"isPartOf\":{\"@id\":\"https:\\\/\\\/holapu.com\\\/#website\"},\"primaryImageOfPage\":{\"@id\":\"https:\\\/\\\/holapu.com\\\/murs-a-briser\\\/#primaryimage\"},\"image\":{\"@id\":\"https:\\\/\\\/holapu.com\\\/murs-a-briser\\\/#primaryimage\"},\"thumbnailUrl\":\"https:\\\/\\\/holapu.com\\\/wp-content\\\/uploads\\\/2021\\\/01\\\/1-Couverture-1.png\",\"datePublished\":\"2020-02-10T10:22:59+00:00\",\"dateModified\":\"2025-03-20T17:23:36+00:00\",\"description\":\"Page officielle de la bande dessin\u00e9e Murs \u00c0 Briser de Doudy. Pr\u00e9sentation, liens vers les blogs des personnages, acc\u00e8s au livre en vente...\",\"breadcrumb\":{\"@id\":\"https:\\\/\\\/holapu.com\\\/murs-a-briser\\\/#breadcrumb\"},\"inLanguage\":\"en-US\",\"potentialAction\":[{\"@type\":\"ReadAction\",\"target\":[\"https:\\\/\\\/holapu.com\\\/murs-a-briser\\\/\"]}]},{\"@type\":\"ImageObject\",\"inLanguage\":\"en-US\",\"@id\":\"https:\\\/\\\/holapu.com\\\/murs-a-briser\\\/#primaryimage\",\"url\":\"https:\\\/\\\/holapu.com\\\/wp-content\\\/uploads\\\/2021\\\/01\\\/1-Couverture-1.png\",\"contentUrl\":\"https:\\\/\\\/holapu.com\\\/wp-content\\\/uploads\\\/2021\\\/01\\\/1-Couverture-1.png\",\"width\":500,\"height\":707,\"caption\":\"murs a briser,murs \u00e0 briser, walls to break,alis,alis murs a briser,alis murs \u00e0 briser,alis walls to break,walls to break alis,murs a briser alis,murs \u00e0 briser alis,matt,matt murs a briser,matt murs \u00e0 briser,matt walls to break,walls to break matt,murs a briser matt,murs \u00e0 briser matt,doudy,holapu,comic,comics,comic book,comics books,bd,bande dessinee,bande dessin\u00e9e,bandes dessin\u00e9es,bandes dessinees,flo,flo murs a briser,flo murs \u00e0 briser,flo walls to break,walls to break flo,murs a briser flo,murs \u00e0 briser flo,dan,dan murs a briser,dan murs \u00e0 briser,dan walls to break,walls to break dan,murs a briser dan,murs \u00e0 briser dan,danae,dana\u00e9,dana\u00e9 murs a briser, danae murs a briser,dana\u00e9 murs \u00e0 briser,dana\u00e9 murs a briser,danae walls to break,walls to break danae,murs a briser danae,murs \u00e0 briser danae,murs a briser dana\u00e9,murs \u00e0 briser dana\u00e9,anxiete,anxi\u00e9t\u00e9,anxi\u00e9te,anxiet\u00e9,jeune adulte,jeunes adultes,jeunes adulte,jeune adultes,young adult,anxiety,anxiety disorder,jeunesse,bande dessinee jeunesse,bande dessin\u00e9e jeunesse,bandes dessinees jeunesse,bandes dessinees jeunesse,bande dessin\u00e9es jeunesse,bandes dessin\u00e9es jeunesse,bandes dessin\u00e9es jeunesse,fred,fred murs a briser,fred murs \u00e0 briser,fred walls to break,walls to break fred,murs a briser fred,murs \u00e0 briser fred,yoann,yoann murs a briser,yoann murs \u00e0 briser,yoann walls to break,walls to break yoann,murs a briser yoann,murs \u00e0 briser yoann,naledi,naledi murs a briser,naledi murs \u00e0 briser,naledi walls to break,walls to break naledi,murs a briser naledi,murs \u00e0 briser naledi,naly,naly murs a briser,naly murs \u00e0 briser,naly walls to break,walls to break naly,murs a briser naly,murs \u00e0 briser naly,andrea,andrea murs a briser,andrea murs \u00e0 briser,andrea walls to break,walls to break andrea,murs a briser andrea,murs \u00e0 briser andrea,andr\u00e9a,andr\u00e9a murs a briser,andr\u00e9a murs \u00e0 briser,andr\u00e9a walls to break,walls to break andr\u00e9a,murs a briser andr\u00e9a,murs \u00e0 briser andr\u00e9a\"},{\"@type\":\"BreadcrumbList\",\"@id\":\"https:\\\/\\\/holapu.com\\\/murs-a-briser\\\/#breadcrumb\",\"itemListElement\":[{\"@type\":\"ListItem\",\"position\":1,\"name\":\"Accueil\",\"item\":\"https:\\\/\\\/holapu.com\\\/\"},{\"@type\":\"ListItem\",\"position\":2,\"name\":\"Murs \u00c0 Briser\"}]},{\"@type\":\"WebSite\",\"@id\":\"https:\\\/\\\/holapu.com\\\/#website\",\"url\":\"https:\\\/\\\/holapu.com\\\/\",\"name\":\"Holapu\",\"description\":\"\",\"publisher\":{\"@id\":\"https:\\\/\\\/holapu.com\\\/#organization\"},\"potentialAction\":[{\"@type\":\"SearchAction\",\"target\":{\"@type\":\"EntryPoint\",\"urlTemplate\":\"https:\\\/\\\/holapu.com\\\/?s={search_term_string}\"},\"query-input\":{\"@type\":\"PropertyValueSpecification\",\"valueRequired\":true,\"valueName\":\"search_term_string\"}}],\"inLanguage\":\"en-US\"},{\"@type\":\"Organization\",\"@id\":\"https:\\\/\\\/holapu.com\\\/#organization\",\"name\":\"Holapu\",\"url\":\"https:\\\/\\\/holapu.com\\\/\",\"logo\":{\"@type\":\"ImageObject\",\"inLanguage\":\"en-US\",\"@id\":\"https:\\\/\\\/holapu.com\\\/#\\\/schema\\\/logo\\\/image\\\/\",\"url\":\"https:\\\/\\\/holapu.com\\\/wp-content\\\/uploads\\\/2025\\\/03\\\/Icone-rogne.png\",\"contentUrl\":\"https:\\\/\\\/holapu.com\\\/wp-content\\\/uploads\\\/2025\\\/03\\\/Icone-rogne.png\",\"width\":2000,\"height\":2000,\"caption\":\"Holapu\"},\"image\":{\"@id\":\"https:\\\/\\\/holapu.com\\\/#\\\/schema\\\/logo\\\/image\\\/\"},\"sameAs\":[\"https:\\\/\\\/www.facebook.com\\\/DoudyCD\\\/\",\"https:\\\/\\\/x.com\\\/DoudyCD\",\"https:\\\/\\\/instagram.com\\\/doudycindy\",\"https:\\\/\\\/www.youtube.com\\\/channel\\\/UCPsu-ld2zLxK_tbdwW0bhUA\"]}]}<\/script>\n<!-- \/ Yoast SEO plugin. -->","yoast_head_json":{"title":"Murs \u00c0 Briser - Holapu","description":"Page officielle de la bande dessin\u00e9e Murs \u00c0 Briser de Doudy. Pr\u00e9sentation, liens vers les blogs des personnages, acc\u00e8s au livre en vente...","robots":{"index":"index","follow":"follow","max-snippet":"max-snippet:-1","max-image-preview":"max-image-preview:large","max-video-preview":"max-video-preview:-1"},"canonical":"https:\/\/holapu.com\/en\/murs-a-briser\/","og_locale":"en_US","og_type":"article","og_title":"Murs \u00c0 Briser - Holapu","og_description":"Page officielle de la bande dessin\u00e9e Murs \u00c0 Briser de Doudy. Pr\u00e9sentation, liens vers les blogs des personnages, acc\u00e8s au livre en vente...","og_url":"https:\/\/holapu.com\/en\/murs-a-briser\/","og_site_name":"Holapu","article_publisher":"https:\/\/www.facebook.com\/DoudyCD\/","article_modified_time":"2025-03-20T17:23:36+00:00","og_image":[{"width":500,"height":707,"url":"https:\/\/holapu.com\/wp-content\/uploads\/2021\/01\/1-Couverture-1.png","type":"image\/png"}],"twitter_card":"summary_large_image","twitter_image":"https:\/\/holapu.com\/wp-content\/uploads\/2021\/01\/1-Couverture-1.png","twitter_site":"@DoudyCD","twitter_misc":{"Est. reading time":"1 minute"},"schema":{"@context":"https:\/\/schema.org","@graph":[{"@type":"WebPage","@id":"https:\/\/holapu.com\/murs-a-briser\/","url":"https:\/\/holapu.com\/murs-a-briser\/","name":"Murs \u00c0 Briser - Holapu","isPartOf":{"@id":"https:\/\/holapu.com\/#website"},"primaryImageOfPage":{"@id":"https:\/\/holapu.com\/murs-a-briser\/#primaryimage"},"image":{"@id":"https:\/\/holapu.com\/murs-a-briser\/#primaryimage"},"thumbnailUrl":"https:\/\/holapu.com\/wp-content\/uploads\/2021\/01\/1-Couverture-1.png","datePublished":"2020-02-10T10:22:59+00:00","dateModified":"2025-03-20T17:23:36+00:00","description":"Page officielle de la bande dessin\u00e9e Murs \u00c0 Briser de Doudy. Pr\u00e9sentation, liens vers les blogs des personnages, acc\u00e8s au livre en vente...","breadcrumb":{"@id":"https:\/\/holapu.com\/murs-a-briser\/#breadcrumb"},"inLanguage":"en-US","potentialAction":[{"@type":"ReadAction","target":["https:\/\/holapu.com\/murs-a-briser\/"]}]},{"@type":"ImageObject","inLanguage":"en-US","@id":"https:\/\/holapu.com\/murs-a-briser\/#primaryimage","url":"https:\/\/holapu.com\/wp-content\/uploads\/2021\/01\/1-Couverture-1.png","contentUrl":"https:\/\/holapu.com\/wp-content\/uploads\/2021\/01\/1-Couverture-1.png","width":500,"height":707,"caption":"murs a briser,murs \u00e0 briser, walls to break,alis,alis murs a briser,alis murs \u00e0 briser,alis walls to break,walls to break alis,murs a briser alis,murs \u00e0 briser alis,matt,matt murs a briser,matt murs \u00e0 briser,matt walls to break,walls to break matt,murs a briser matt,murs \u00e0 briser matt,doudy,holapu,comic,comics,comic book,comics books,bd,bande dessinee,bande dessin\u00e9e,bandes dessin\u00e9es,bandes dessinees,flo,flo murs a briser,flo murs \u00e0 briser,flo walls to break,walls to break flo,murs a briser flo,murs \u00e0 briser flo,dan,dan murs a briser,dan murs \u00e0 briser,dan walls to break,walls to break dan,murs a briser dan,murs \u00e0 briser dan,danae,dana\u00e9,dana\u00e9 murs a briser, danae murs a briser,dana\u00e9 murs \u00e0 briser,dana\u00e9 murs a briser,danae walls to break,walls to break danae,murs a briser danae,murs \u00e0 briser danae,murs a briser dana\u00e9,murs \u00e0 briser dana\u00e9,anxiete,anxi\u00e9t\u00e9,anxi\u00e9te,anxiet\u00e9,jeune adulte,jeunes adultes,jeunes adulte,jeune adultes,young adult,anxiety,anxiety disorder,jeunesse,bande dessinee jeunesse,bande dessin\u00e9e jeunesse,bandes dessinees jeunesse,bandes dessinees jeunesse,bande dessin\u00e9es jeunesse,bandes dessin\u00e9es jeunesse,bandes dessin\u00e9es jeunesse,fred,fred murs a briser,fred murs \u00e0 briser,fred walls to break,walls to break fred,murs a briser fred,murs \u00e0 briser fred,yoann,yoann murs a briser,yoann murs \u00e0 briser,yoann walls to break,walls to break yoann,murs a briser yoann,murs \u00e0 briser yoann,naledi,naledi murs a briser,naledi murs \u00e0 briser,naledi walls to break,walls to break naledi,murs a briser naledi,murs \u00e0 briser naledi,naly,naly murs a briser,naly murs \u00e0 briser,naly walls to break,walls to break naly,murs a briser naly,murs \u00e0 briser naly,andrea,andrea murs a briser,andrea murs \u00e0 briser,andrea walls to break,walls to break andrea,murs a briser andrea,murs \u00e0 briser andrea,andr\u00e9a,andr\u00e9a murs a briser,andr\u00e9a murs \u00e0 briser,andr\u00e9a walls to break,walls to break andr\u00e9a,murs a briser andr\u00e9a,murs \u00e0 briser andr\u00e9a"},{"@type":"BreadcrumbList","@id":"https:\/\/holapu.com\/murs-a-briser\/#breadcrumb","itemListElement":[{"@type":"ListItem","position":1,"name":"Accueil","item":"https:\/\/holapu.com\/"},{"@type":"ListItem","position":2,"name":"Murs \u00c0 Briser"}]},{"@type":"WebSite","@id":"https:\/\/holapu.com\/#website","url":"https:\/\/holapu.com\/","name":"Holapu","description":"","publisher":{"@id":"https:\/\/holapu.com\/#organization"},"potentialAction":[{"@type":"SearchAction","target":{"@type":"EntryPoint","urlTemplate":"https:\/\/holapu.com\/?s={search_term_string}"},"query-input":{"@type":"PropertyValueSpecification","valueRequired":true,"valueName":"search_term_string"}}],"inLanguage":"en-US"},{"@type":"Organization","@id":"https:\/\/holapu.com\/#organization","name":"Holapu","url":"https:\/\/holapu.com\/","logo":{"@type":"ImageObject","inLanguage":"en-US","@id":"https:\/\/holapu.com\/#\/schema\/logo\/image\/","url":"https:\/\/holapu.com\/wp-content\/uploads\/2025\/03\/Icone-rogne.png","contentUrl":"https:\/\/holapu.com\/wp-content\/uploads\/2025\/03\/Icone-rogne.png","width":2000,"height":2000,"caption":"Holapu"},"image":{"@id":"https:\/\/holapu.com\/#\/schema\/logo\/image\/"},"sameAs":["https:\/\/www.facebook.com\/DoudyCD\/","https:\/\/x.com\/DoudyCD","https:\/\/instagram.com\/doudycindy","https:\/\/www.youtube.com\/channel\/UCPsu-ld2zLxK_tbdwW0bhUA"]}]}},"_links":{"self":[{"href":"https:\/\/holapu.com\/en\/wp-json\/wp\/v2\/pages\/1136","targetHints":{"allow":["GET"]}}],"collection":[{"href":"https:\/\/holapu.com\/en\/wp-json\/wp\/v2\/pages"}],"about":[{"href":"https:\/\/holapu.com\/en\/wp-json\/wp\/v2\/types\/page"}],"author":[{"embeddable":true,"href":"https:\/\/holapu.com\/en\/wp-json\/wp\/v2\/users\/1"}],"replies":[{"embeddable":true,"href":"https:\/\/holapu.com\/en\/wp-json\/wp\/v2\/comments?post=1136"}],"version-history":[{"count":60,"href":"https:\/\/holapu.com\/en\/wp-json\/wp\/v2\/pages\/1136\/revisions"}],"predecessor-version":[{"id":10874,"href":"https:\/\/holapu.com\/en\/wp-json\/wp\/v2\/pages\/1136\/revisions\/10874"}],"wp:featuredmedia":[{"embeddable":true,"href":"https:\/\/holapu.com\/en\/wp-json\/wp\/v2\/media\/4693"}],"wp:attachment":[{"href":"https:\/\/holapu.com\/en\/wp-json\/wp\/v2\/media?parent=1136"}],"curies":[{"name":"wp","href":"https:\/\/api.w.org\/{rel}","templated":true}]}}