{"id":2009,"date":"2020-03-12T10:39:04","date_gmt":"2020-03-12T09:39:04","guid":{"rendered":"https:\/\/holapu.com\/?page_id=2009"},"modified":"2025-08-15T13:11:38","modified_gmt":"2025-08-15T11:11:38","slug":"retrospective","status":"publish","type":"page","link":"https:\/\/holapu.com\/en\/retrospective\/","title":{"rendered":"Retrospective"},"content":{"rendered":"<div data-elementor-type=\"wp-page\" data-elementor-id=\"2009\" class=\"elementor elementor-2009\">\n\t\t\t\t\t\t<section class=\"elementor-section elementor-top-section elementor-element elementor-element-492e73d elementor-section-boxed elementor-section-height-default elementor-section-height-default\" data-id=\"492e73d\" data-element_type=\"section\" data-e-type=\"section\">\n\t\t\t\t\t\t<div class=\"elementor-container elementor-column-gap-default\">\n\t\t\t\t\t<div class=\"elementor-column elementor-col-100 elementor-top-column elementor-element elementor-element-b2dd387\" data-id=\"b2dd387\" data-element_type=\"column\" data-e-type=\"column\">\n\t\t\t<div class=\"elementor-widget-wrap elementor-element-populated\">\n\t\t\t\t\t\t<div class=\"elementor-element elementor-element-745c6d5 premium-blog-align-left elementor-widget elementor-widget-premium-addon-blog\" data-id=\"745c6d5\" data-element_type=\"widget\" data-e-type=\"widget\" data-settings=\"{&quot;force_height&quot;:&quot;true&quot;,&quot;premium_blog_columns_number&quot;:&quot;33.33%&quot;,&quot;premium_blog_columns_number_mobile&quot;:&quot;50%&quot;,&quot;premium_blog_grid&quot;:&quot;yes&quot;,&quot;premium_blog_layout&quot;:&quot;even&quot;,&quot;premium_blog_columns_number_tablet&quot;:&quot;50%&quot;}\" data-widget_type=\"premium-addon-blog.default\">\n\t\t\t\t<div class=\"elementor-widget-container\">\n\t\t\t\t\t\n\t\t\n\n\t\t\t\t<div class=\"premium-blog-wrap  premium-blog-even\" data-page=\"2009\">\n\t\t\t\t\t\t\t\t\t<div class=\"premium-blog-post-outer-container\" data-total=\"1\">\n\t\t\t<div class=\"premium-blog-post-container premium-blog-skin-side\">\n\t\t\t\t\t\t\t\t\t<div class=\"premium-blog-thumb-effect-wrapper\">\n\t\t\t\t\t\t<div class=\"premium-blog-thumbnail-container premium-blog-none-effect\">\n\t\t\t\t\t\t\t<img decoding=\"async\" width=\"100\" height=\"100\" src=\"https:\/\/holapu.com\/wp-content\/uploads\/2024\/06\/DSCN4867-100x100.png\" class=\"attachment-woocommerce_gallery_thumbnail size-woocommerce_gallery_thumbnail wp-image-8755\" alt=\"\" srcset=\"https:\/\/holapu.com\/wp-content\/uploads\/2024\/06\/DSCN4867-100x100.png 100w, https:\/\/holapu.com\/wp-content\/uploads\/2024\/06\/DSCN4867-150x150.png 150w, https:\/\/holapu.com\/wp-content\/uploads\/2024\/06\/DSCN4867-600x600.png 600w\" sizes=\"(max-width: 100px) 100vw, 100px\" \/>\t\t\t\t\t\t<\/div>\n\t\t\t\t\t\t\t\t\t\t\t\t\t<div class=\"premium-blog-thumbnail-overlay\">\n\t\t\t\t\t\t\t\t<a class=\"elementor-icon\" href=\"https:\/\/holapu.com\/en\/japan-addict-strasbourg-2024\/\" target=\"_self\"><\/a>\n\t\t\t\t\t\t\t<\/div>\n\n\t\t\t\t\t\t\t\t\t\t\t\t\t\t\t\t\t\t<\/div>\n\t\t\t\t\t\t\t\t\t\t\t\t<div class=\"premium-blog-content-wrapper\">\n\n\t\t\t\t\t<div class=\"premium-blog-inner-container\">\n\n\t\t\t\t\t\t\t\t\t\t\t\t\t\t<h2 class=\"premium-blog-entry-title\">\n\t\t\t<a href=\"https:\/\/holapu.com\/en\/japan-addict-strasbourg-2024\/\" target=\"_self\">\n\t\t\t\tJapan Addict Strasbourg 2024\t\t\t<\/a>\n\t\t<\/h2>\n\t\t\t\t<div class=\"premium-blog-entry-meta\">\n\t\t\t\n\t\t\t\n\t\t\t\n\t\t\t\t\t<\/div>\n\t\t\n\t\t\t\t\t<\/div>\n\n\t\t\t\t\t\t\t\t\t\t\n\t\t\t\t<\/div>\n\t\t\t<\/div>\n\t\t<\/div>\n\n\t\t\t\t<div class=\"premium-blog-post-outer-container\" data-total=\"1\">\n\t\t\t<div class=\"premium-blog-post-container premium-blog-skin-side\">\n\t\t\t\t\t\t\t\t\t<div class=\"premium-blog-thumb-effect-wrapper\">\n\t\t\t\t\t\t<div class=\"premium-blog-thumbnail-container premium-blog-none-effect\">\n\t\t\t\t\t\t\t<img decoding=\"async\" width=\"100\" height=\"100\" src=\"https:\/\/holapu.com\/wp-content\/uploads\/2022\/07\/1-100x100.png\" class=\"attachment-woocommerce_gallery_thumbnail size-woocommerce_gallery_thumbnail wp-image-7432\" alt=\"doudy,fanart,fanarts,murs a briser,murs \u00e0 briser,walls to break,,bd,bande dessinee,bandes dessinees,bandes dessin\u00e9es,bande dessin\u00e9e,bds,comic,comics,comic book,comic books,livre,livres,expo,expos,exposition,expositions,exhibition,exhibitions,con,cons,convention,conventions,geek,geek con,geek cons,geek convention,geek conventions,geeks,buttons,button,keychain,keychains,badge,badges,porte-cl\u00e9s,porte-cles,portes-cl\u00e9s,portes-cles,porte cle,porte cl\u00e9s,sticker,stickers,autocollant,autocollants,cartes,carte,card,cards,print,prints,poster,posters,carnet,carnets,carnet de notes,carnets de notes,notebook,notebooks,magnet,magnets,puzzle,puzzles,puzzle magn\u00e9tique,puzzle magnetique,puzzle magn\u00e9tiques,puzzles magnetiques,magnetic puzzle,magnetic puzzles,fete de la cerise,thannenkirch,village prefere des francais,villange pr\u00e9f\u00e9r\u00e9 des francais,bergheim,vosges,bd,bande dessinee,bande dessin\u00e9e,bds,bandes dessinees,bandes dessin\u00e9es,badges,porte-cles,portes-cles,porte-cl\u00e9s,porte-cles,stickers,autocollants,cartes,carnet,carte,carnets,carnet de notes,carnets de notes,murs a briser,murs \u00e0 briser,buttons,fanmerch,walls to break,walls to break,comic,comics,comic book,comic books,keychain,keychains,prints,doudy\" srcset=\"https:\/\/holapu.com\/wp-content\/uploads\/2022\/07\/1-100x100.png 100w, https:\/\/holapu.com\/wp-content\/uploads\/2022\/07\/1-600x600.png 600w, https:\/\/holapu.com\/wp-content\/uploads\/2022\/07\/1.png 864w\" sizes=\"(max-width: 100px) 100vw, 100px\" \/>\t\t\t\t\t\t<\/div>\n\t\t\t\t\t\t\t\t\t\t\t\t\t<div class=\"premium-blog-thumbnail-overlay\">\n\t\t\t\t\t\t\t\t<a class=\"elementor-icon\" href=\"https:\/\/holapu.com\/en\/fete-de-la-cerise-thannenkirch-2022\/\" target=\"_self\"><\/a>\n\t\t\t\t\t\t\t<\/div>\n\n\t\t\t\t\t\t\t\t\t\t\t\t\t\t\t\t\t\t<\/div>\n\t\t\t\t\t\t\t\t\t\t\t\t<div class=\"premium-blog-content-wrapper\">\n\n\t\t\t\t\t<div class=\"premium-blog-inner-container\">\n\n\t\t\t\t\t\t\t\t\t\t\t\t\t\t<h2 class=\"premium-blog-entry-title\">\n\t\t\t<a href=\"https:\/\/holapu.com\/en\/fete-de-la-cerise-thannenkirch-2022\/\" target=\"_self\">\n\t\t\t\tCherry Party Thannenkirch 2022\t\t\t<\/a>\n\t\t<\/h2>\n\t\t\t\t<div class=\"premium-blog-entry-meta\">\n\t\t\t\n\t\t\t\n\t\t\t\n\t\t\t\t\t<\/div>\n\t\t\n\t\t\t\t\t<\/div>\n\n\t\t\t\t\t\t\t\t\t\t\n\t\t\t\t<\/div>\n\t\t\t<\/div>\n\t\t<\/div>\n\n\t\t\t\t<div class=\"premium-blog-post-outer-container\" data-total=\"1\">\n\t\t\t<div class=\"premium-blog-post-container premium-blog-skin-side\">\n\t\t\t\t\t\t\t\t\t<div class=\"premium-blog-thumb-effect-wrapper\">\n\t\t\t\t\t\t<div class=\"premium-blog-thumbnail-container premium-blog-none-effect\">\n\t\t\t\t\t\t\t<img decoding=\"async\" width=\"100\" height=\"100\" src=\"https:\/\/holapu.com\/wp-content\/uploads\/2020\/03\/1-2-100x100.png\" class=\"attachment-woocommerce_gallery_thumbnail size-woocommerce_gallery_thumbnail wp-image-2081\" alt=\"\" srcset=\"https:\/\/holapu.com\/wp-content\/uploads\/2020\/03\/1-2-100x100.png 100w, https:\/\/holapu.com\/wp-content\/uploads\/2020\/03\/1-2-600x600.png 600w\" sizes=\"(max-width: 100px) 100vw, 100px\" \/>\t\t\t\t\t\t<\/div>\n\t\t\t\t\t\t\t\t\t\t\t\t\t<div class=\"premium-blog-thumbnail-overlay\">\n\t\t\t\t\t\t\t\t<a class=\"elementor-icon\" href=\"https:\/\/holapu.com\/en\/marche-de-noel-plobsheim-2019\/\" target=\"_self\"><\/a>\n\t\t\t\t\t\t\t<\/div>\n\n\t\t\t\t\t\t\t\t\t\t\t\t\t\t\t\t\t\t<\/div>\n\t\t\t\t\t\t\t\t\t\t\t\t<div class=\"premium-blog-content-wrapper\">\n\n\t\t\t\t\t<div class=\"premium-blog-inner-container\">\n\n\t\t\t\t\t\t\t\t\t\t\t\t\t\t<h2 class=\"premium-blog-entry-title\">\n\t\t\t<a href=\"https:\/\/holapu.com\/en\/marche-de-noel-plobsheim-2019\/\" target=\"_self\">\n\t\t\t\tChristmas market Plobsheim 2019\t\t\t<\/a>\n\t\t<\/h2>\n\t\t\t\t<div class=\"premium-blog-entry-meta\">\n\t\t\t\n\t\t\t\n\t\t\t\n\t\t\t\t\t<\/div>\n\t\t\n\t\t\t\t\t<\/div>\n\n\t\t\t\t\t\t\t\t\t\t\n\t\t\t\t<\/div>\n\t\t\t<\/div>\n\t\t<\/div>\n\n\t\t\t\t<div class=\"premium-blog-post-outer-container\" data-total=\"1\">\n\t\t\t<div class=\"premium-blog-post-container premium-blog-skin-side\">\n\t\t\t\t\t\t\t\t\t<div class=\"premium-blog-thumb-effect-wrapper\">\n\t\t\t\t\t\t<div class=\"premium-blog-thumbnail-container premium-blog-none-effect\">\n\t\t\t\t\t\t\t<img loading=\"lazy\" decoding=\"async\" width=\"100\" height=\"100\" src=\"https:\/\/holapu.com\/wp-content\/uploads\/2020\/03\/1-1-100x100.png\" class=\"attachment-woocommerce_gallery_thumbnail size-woocommerce_gallery_thumbnail wp-image-2071\" alt=\"\" srcset=\"https:\/\/holapu.com\/wp-content\/uploads\/2020\/03\/1-1-100x100.png 100w, https:\/\/holapu.com\/wp-content\/uploads\/2020\/03\/1-1-300x300.png 300w, https:\/\/holapu.com\/wp-content\/uploads\/2020\/03\/1-1-150x150.png 150w\" sizes=\"(max-width: 100px) 100vw, 100px\" \/>\t\t\t\t\t\t<\/div>\n\t\t\t\t\t\t\t\t\t\t\t\t\t<div class=\"premium-blog-thumbnail-overlay\">\n\t\t\t\t\t\t\t\t<a class=\"elementor-icon\" href=\"https:\/\/holapu.com\/en\/festival-du-livre-de-colmar-2019\/\" target=\"_self\"><\/a>\n\t\t\t\t\t\t\t<\/div>\n\n\t\t\t\t\t\t\t\t\t\t\t\t\t\t\t\t\t\t<\/div>\n\t\t\t\t\t\t\t\t\t\t\t\t<div class=\"premium-blog-content-wrapper\">\n\n\t\t\t\t\t<div class=\"premium-blog-inner-container\">\n\n\t\t\t\t\t\t\t\t\t\t\t\t\t\t<h2 class=\"premium-blog-entry-title\">\n\t\t\t<a href=\"https:\/\/holapu.com\/en\/festival-du-livre-de-colmar-2019\/\" target=\"_self\">\n\t\t\t\tColmar book festival 2019\t\t\t<\/a>\n\t\t<\/h2>\n\t\t\t\t<div class=\"premium-blog-entry-meta\">\n\t\t\t\n\t\t\t\n\t\t\t\n\t\t\t\t\t<\/div>\n\t\t\n\t\t\t\t\t<\/div>\n\n\t\t\t\t\t\t\t\t\t\t\n\t\t\t\t<\/div>\n\t\t\t<\/div>\n\t\t<\/div>\n\n\t\t\t\t<div class=\"premium-blog-post-outer-container\" data-total=\"1\">\n\t\t\t<div class=\"premium-blog-post-container premium-blog-skin-side\">\n\t\t\t\t\t\t\t\t\t<div class=\"premium-blog-thumb-effect-wrapper\">\n\t\t\t\t\t\t<div class=\"premium-blog-thumbnail-container premium-blog-none-effect\">\n\t\t\t\t\t\t\t<img loading=\"lazy\" decoding=\"async\" width=\"100\" height=\"100\" src=\"https:\/\/holapu.com\/wp-content\/uploads\/2020\/03\/1-100x100.png\" class=\"attachment-woocommerce_gallery_thumbnail size-woocommerce_gallery_thumbnail wp-image-2054\" alt=\"\" \/>\t\t\t\t\t\t<\/div>\n\t\t\t\t\t\t\t\t\t\t\t\t\t<div class=\"premium-blog-thumbnail-overlay\">\n\t\t\t\t\t\t\t\t<a class=\"elementor-icon\" href=\"https:\/\/holapu.com\/en\/japan-addict-z5-strasbourg-2019\/\" target=\"_self\"><\/a>\n\t\t\t\t\t\t\t<\/div>\n\n\t\t\t\t\t\t\t\t\t\t\t\t\t\t\t\t\t\t<\/div>\n\t\t\t\t\t\t\t\t\t\t\t\t<div class=\"premium-blog-content-wrapper\">\n\n\t\t\t\t\t<div class=\"premium-blog-inner-container\">\n\n\t\t\t\t\t\t\t\t\t\t\t\t\t\t<h2 class=\"premium-blog-entry-title\">\n\t\t\t<a href=\"https:\/\/holapu.com\/en\/japan-addict-z5-strasbourg-2019\/\" target=\"_self\">\n\t\t\t\tJapan Addict Z5 Strasbourg 2019\t\t\t<\/a>\n\t\t<\/h2>\n\t\t\t\t<div class=\"premium-blog-entry-meta\">\n\t\t\t\n\t\t\t\n\t\t\t\n\t\t\t\t\t<\/div>\n\t\t\n\t\t\t\t\t<\/div>\n\n\t\t\t\t\t\t\t\t\t\t\n\t\t\t\t<\/div>\n\t\t\t<\/div>\n\t\t<\/div>\n\n\t\t\t\t<div class=\"premium-blog-post-outer-container\" data-total=\"1\">\n\t\t\t<div class=\"premium-blog-post-container premium-blog-skin-side\">\n\t\t\t\t\t\t\t\t\t<div class=\"premium-blog-thumb-effect-wrapper\">\n\t\t\t\t\t\t<div class=\"premium-blog-thumbnail-container premium-blog-none-effect\">\n\t\t\t\t\t\t\t<img loading=\"lazy\" decoding=\"async\" width=\"100\" height=\"100\" src=\"https:\/\/holapu.com\/wp-content\/uploads\/2020\/03\/1-2-100x100.jpg\" class=\"attachment-woocommerce_gallery_thumbnail size-woocommerce_gallery_thumbnail wp-image-2033\" alt=\"\" srcset=\"https:\/\/holapu.com\/wp-content\/uploads\/2020\/03\/1-2-100x100.jpg 100w, https:\/\/holapu.com\/wp-content\/uploads\/2020\/03\/1-2-300x300.jpg 300w, https:\/\/holapu.com\/wp-content\/uploads\/2020\/03\/1-2-150x150.jpg 150w\" sizes=\"(max-width: 100px) 100vw, 100px\" \/>\t\t\t\t\t\t<\/div>\n\t\t\t\t\t\t\t\t\t\t\t\t\t<div class=\"premium-blog-thumbnail-overlay\">\n\t\t\t\t\t\t\t\t<a class=\"elementor-icon\" href=\"https:\/\/holapu.com\/en\/japan-addict-z4-strasbourg-2018\/\" target=\"_self\"><\/a>\n\t\t\t\t\t\t\t<\/div>\n\n\t\t\t\t\t\t\t\t\t\t\t\t\t\t\t\t\t\t<\/div>\n\t\t\t\t\t\t\t\t\t\t\t\t<div class=\"premium-blog-content-wrapper\">\n\n\t\t\t\t\t<div class=\"premium-blog-inner-container\">\n\n\t\t\t\t\t\t\t\t\t\t\t\t\t\t<h2 class=\"premium-blog-entry-title\">\n\t\t\t<a href=\"https:\/\/holapu.com\/en\/japan-addict-z4-strasbourg-2018\/\" target=\"_self\">\n\t\t\t\tJapan Addict Z4 Strasbourg 2018\t\t\t<\/a>\n\t\t<\/h2>\n\t\t\t\t<div class=\"premium-blog-entry-meta\">\n\t\t\t\n\t\t\t\n\t\t\t\n\t\t\t\t\t<\/div>\n\t\t\n\t\t\t\t\t<\/div>\n\n\t\t\t\t\t\t\t\t\t\t\n\t\t\t\t<\/div>\n\t\t\t<\/div>\n\t\t<\/div>\n\n\t\t\t\t<div class=\"premium-blog-post-outer-container\" data-total=\"1\">\n\t\t\t<div class=\"premium-blog-post-container premium-blog-skin-side\">\n\t\t\t\t\t\t\t\t\t<div class=\"premium-blog-thumb-effect-wrapper\">\n\t\t\t\t\t\t<div class=\"premium-blog-thumbnail-container premium-blog-none-effect\">\n\t\t\t\t\t\t\t<img loading=\"lazy\" decoding=\"async\" width=\"100\" height=\"100\" src=\"https:\/\/holapu.com\/wp-content\/uploads\/2020\/03\/1-1-100x100.jpg\" class=\"attachment-woocommerce_gallery_thumbnail size-woocommerce_gallery_thumbnail wp-image-2023\" alt=\"\" srcset=\"https:\/\/holapu.com\/wp-content\/uploads\/2020\/03\/1-1-100x100.jpg 100w, https:\/\/holapu.com\/wp-content\/uploads\/2020\/03\/1-1-600x600.jpg 600w\" sizes=\"(max-width: 100px) 100vw, 100px\" \/>\t\t\t\t\t\t<\/div>\n\t\t\t\t\t\t\t\t\t\t\t\t\t<div class=\"premium-blog-thumbnail-overlay\">\n\t\t\t\t\t\t\t\t<a class=\"elementor-icon\" href=\"https:\/\/holapu.com\/en\/marche-de-noel-plobsheim-2017\/\" target=\"_self\"><\/a>\n\t\t\t\t\t\t\t<\/div>\n\n\t\t\t\t\t\t\t\t\t\t\t\t\t\t\t\t\t\t<\/div>\n\t\t\t\t\t\t\t\t\t\t\t\t<div class=\"premium-blog-content-wrapper\">\n\n\t\t\t\t\t<div class=\"premium-blog-inner-container\">\n\n\t\t\t\t\t\t\t\t\t\t\t\t\t\t<h2 class=\"premium-blog-entry-title\">\n\t\t\t<a href=\"https:\/\/holapu.com\/en\/marche-de-noel-plobsheim-2017\/\" target=\"_self\">\n\t\t\t\tChristmas market Plobsheim 2017\t\t\t<\/a>\n\t\t<\/h2>\n\t\t\t\t<div class=\"premium-blog-entry-meta\">\n\t\t\t\n\t\t\t\n\t\t\t\n\t\t\t\t\t<\/div>\n\t\t\n\t\t\t\t\t<\/div>\n\n\t\t\t\t\t\t\t\t\t\t\n\t\t\t\t<\/div>\n\t\t\t<\/div>\n\t\t<\/div>\n\n\t\t\t\t<div class=\"premium-blog-post-outer-container\" data-total=\"1\">\n\t\t\t<div class=\"premium-blog-post-container premium-blog-skin-side\">\n\t\t\t\t\t\t\t\t\t<div class=\"premium-blog-thumb-effect-wrapper\">\n\t\t\t\t\t\t<div class=\"premium-blog-thumbnail-container premium-blog-none-effect\">\n\t\t\t\t\t\t\t<img loading=\"lazy\" decoding=\"async\" width=\"100\" height=\"100\" src=\"https:\/\/holapu.com\/wp-content\/uploads\/2020\/03\/1-100x100.jpg\" class=\"attachment-woocommerce_gallery_thumbnail size-woocommerce_gallery_thumbnail wp-image-2011\" alt=\"\" srcset=\"https:\/\/holapu.com\/wp-content\/uploads\/2020\/03\/1-100x100.jpg 100w, https:\/\/holapu.com\/wp-content\/uploads\/2020\/03\/1-600x600.jpg 600w\" sizes=\"(max-width: 100px) 100vw, 100px\" \/>\t\t\t\t\t\t<\/div>\n\t\t\t\t\t\t\t\t\t\t\t\t\t<div class=\"premium-blog-thumbnail-overlay\">\n\t\t\t\t\t\t\t\t<a class=\"elementor-icon\" href=\"https:\/\/holapu.com\/en\/marche-de-noel-plobsheim-2016\/\" target=\"_self\"><\/a>\n\t\t\t\t\t\t\t<\/div>\n\n\t\t\t\t\t\t\t\t\t\t\t\t\t\t\t\t\t\t<\/div>\n\t\t\t\t\t\t\t\t\t\t\t\t<div class=\"premium-blog-content-wrapper\">\n\n\t\t\t\t\t<div class=\"premium-blog-inner-container\">\n\n\t\t\t\t\t\t\t\t\t\t\t\t\t\t<h2 class=\"premium-blog-entry-title\">\n\t\t\t<a href=\"https:\/\/holapu.com\/en\/marche-de-noel-plobsheim-2016\/\" target=\"_self\">\n\t\t\t\tChristmas market Plobsheim 2016\t\t\t<\/a>\n\t\t<\/h2>\n\t\t\t\t<div class=\"premium-blog-entry-meta\">\n\t\t\t\n\t\t\t\n\t\t\t\n\t\t\t\t\t<\/div>\n\t\t\n\t\t\t\t\t<\/div>\n\n\t\t\t\t\t\t\t\t\t\t\n\t\t\t\t<\/div>\n\t\t\t<\/div>\n\t\t<\/div>\n\n\t\t\t\t\t\t\t<\/div>\n\n\t\t\n\t\t\n\t\t\t\t\t\t<\/div>\n\t\t\t\t<\/div>\n\t\t\t\t\t<\/div>\n\t\t<\/div>\n\t\t\t\t\t<\/div>\n\t\t<\/section>\n\t\t\t\t<\/div>","protected":false},"excerpt":{"rendered":"<p>Japan Addict Strasbourg 2024 F\u00eate de la cerise Thannenkirch 2022 March\u00e9 de No\u00ebl Plobsheim 2019 Festival du livre de Colmar 2019 Japan Addict Z5 Strasbourg 2019 Japan Addict Z4 Strasbourg 2018 March\u00e9 de No\u00ebl Plobsheim 2017 March\u00e9 de No\u00ebl Plobsheim 2016<\/p>","protected":false},"author":1,"featured_media":2071,"parent":0,"menu_order":0,"comment_status":"closed","ping_status":"closed","template":"","meta":{"footnotes":""},"class_list":["post-2009","page","type-page","status-publish","has-post-thumbnail","hentry","entry","has-media"],"yoast_head":"<!-- This site is optimized with the Yoast SEO plugin v27.5 - https:\/\/yoast.com\/product\/yoast-seo-wordpress\/ -->\n<title>R\u00e9trospective - Holapu<\/title>\n<meta name=\"description\" content=\"Photos des stands des \u00e9v\u00e9nements auxquels a particip\u00e9 Doudy. Conventions geek, salons, expositions, festivals...\" \/>\n<meta name=\"robots\" content=\"index, follow, max-snippet:-1, max-image-preview:large, max-video-preview:-1\" \/>\n<link rel=\"canonical\" href=\"https:\/\/holapu.com\/en\/retrospective\/\" \/>\n<meta property=\"og:locale\" content=\"en_US\" \/>\n<meta property=\"og:type\" content=\"article\" \/>\n<meta property=\"og:title\" content=\"R\u00e9trospective - Holapu\" \/>\n<meta property=\"og:description\" content=\"Photos des stands des \u00e9v\u00e9nements auxquels a particip\u00e9 Doudy. Conventions geek, salons, expositions, festivals...\" \/>\n<meta property=\"og:url\" content=\"https:\/\/holapu.com\/en\/retrospective\/\" \/>\n<meta property=\"og:site_name\" content=\"Holapu\" \/>\n<meta property=\"article:publisher\" content=\"https:\/\/www.facebook.com\/DoudyCD\/\" \/>\n<meta property=\"article:modified_time\" content=\"2025-08-15T11:11:38+00:00\" \/>\n<meta property=\"og:image\" content=\"https:\/\/holapu.com\/wp-content\/uploads\/2020\/03\/1-1.png\" \/>\n\t<meta property=\"og:image:width\" content=\"391\" \/>\n\t<meta property=\"og:image:height\" content=\"600\" \/>\n\t<meta property=\"og:image:type\" content=\"image\/png\" \/>\n<meta name=\"twitter:card\" content=\"summary_large_image\" \/>\n<meta name=\"twitter:site\" content=\"@DoudyCD\" \/>\n<meta name=\"twitter:label1\" content=\"Est. reading time\" \/>\n\t<meta name=\"twitter:data1\" content=\"2 minutes\" \/>\n<script type=\"application\/ld+json\" class=\"yoast-schema-graph\">{\"@context\":\"https:\\\/\\\/schema.org\",\"@graph\":[{\"@type\":\"WebPage\",\"@id\":\"https:\\\/\\\/holapu.com\\\/retrospective\\\/\",\"url\":\"https:\\\/\\\/holapu.com\\\/retrospective\\\/\",\"name\":\"R\u00e9trospective - Holapu\",\"isPartOf\":{\"@id\":\"https:\\\/\\\/holapu.com\\\/#website\"},\"primaryImageOfPage\":{\"@id\":\"https:\\\/\\\/holapu.com\\\/retrospective\\\/#primaryimage\"},\"image\":{\"@id\":\"https:\\\/\\\/holapu.com\\\/retrospective\\\/#primaryimage\"},\"thumbnailUrl\":\"https:\\\/\\\/holapu.com\\\/wp-content\\\/uploads\\\/2020\\\/03\\\/1-1.png\",\"datePublished\":\"2020-03-12T09:39:04+00:00\",\"dateModified\":\"2025-08-15T11:11:38+00:00\",\"description\":\"Photos des stands des \u00e9v\u00e9nements auxquels a particip\u00e9 Doudy. Conventions geek, salons, expositions, festivals...\",\"breadcrumb\":{\"@id\":\"https:\\\/\\\/holapu.com\\\/retrospective\\\/#breadcrumb\"},\"inLanguage\":\"en-US\",\"potentialAction\":[{\"@type\":\"ReadAction\",\"target\":[\"https:\\\/\\\/holapu.com\\\/retrospective\\\/\"]}]},{\"@type\":\"ImageObject\",\"inLanguage\":\"en-US\",\"@id\":\"https:\\\/\\\/holapu.com\\\/retrospective\\\/#primaryimage\",\"url\":\"https:\\\/\\\/holapu.com\\\/wp-content\\\/uploads\\\/2020\\\/03\\\/1-1.png\",\"contentUrl\":\"https:\\\/\\\/holapu.com\\\/wp-content\\\/uploads\\\/2020\\\/03\\\/1-1.png\",\"width\":391,\"height\":600},{\"@type\":\"BreadcrumbList\",\"@id\":\"https:\\\/\\\/holapu.com\\\/retrospective\\\/#breadcrumb\",\"itemListElement\":[{\"@type\":\"ListItem\",\"position\":1,\"name\":\"Accueil\",\"item\":\"https:\\\/\\\/holapu.com\\\/\"},{\"@type\":\"ListItem\",\"position\":2,\"name\":\"R\u00e9trospective\"}]},{\"@type\":\"WebSite\",\"@id\":\"https:\\\/\\\/holapu.com\\\/#website\",\"url\":\"https:\\\/\\\/holapu.com\\\/\",\"name\":\"Holapu\",\"description\":\"\",\"publisher\":{\"@id\":\"https:\\\/\\\/holapu.com\\\/#organization\"},\"potentialAction\":[{\"@type\":\"SearchAction\",\"target\":{\"@type\":\"EntryPoint\",\"urlTemplate\":\"https:\\\/\\\/holapu.com\\\/?s={search_term_string}\"},\"query-input\":{\"@type\":\"PropertyValueSpecification\",\"valueRequired\":true,\"valueName\":\"search_term_string\"}}],\"inLanguage\":\"en-US\"},{\"@type\":\"Organization\",\"@id\":\"https:\\\/\\\/holapu.com\\\/#organization\",\"name\":\"Holapu\",\"url\":\"https:\\\/\\\/holapu.com\\\/\",\"logo\":{\"@type\":\"ImageObject\",\"inLanguage\":\"en-US\",\"@id\":\"https:\\\/\\\/holapu.com\\\/#\\\/schema\\\/logo\\\/image\\\/\",\"url\":\"https:\\\/\\\/holapu.com\\\/wp-content\\\/uploads\\\/2025\\\/03\\\/Icone-rogne.png\",\"contentUrl\":\"https:\\\/\\\/holapu.com\\\/wp-content\\\/uploads\\\/2025\\\/03\\\/Icone-rogne.png\",\"width\":2000,\"height\":2000,\"caption\":\"Holapu\"},\"image\":{\"@id\":\"https:\\\/\\\/holapu.com\\\/#\\\/schema\\\/logo\\\/image\\\/\"},\"sameAs\":[\"https:\\\/\\\/www.facebook.com\\\/DoudyCD\\\/\",\"https:\\\/\\\/x.com\\\/DoudyCD\",\"https:\\\/\\\/instagram.com\\\/doudycindy\",\"https:\\\/\\\/www.youtube.com\\\/channel\\\/UCPsu-ld2zLxK_tbdwW0bhUA\"]}]}<\/script>\n<!-- \/ Yoast SEO plugin. -->","yoast_head_json":{"title":"R\u00e9trospective - Holapu","description":"Photos des stands des \u00e9v\u00e9nements auxquels a particip\u00e9 Doudy. Conventions geek, salons, expositions, festivals...","robots":{"index":"index","follow":"follow","max-snippet":"max-snippet:-1","max-image-preview":"max-image-preview:large","max-video-preview":"max-video-preview:-1"},"canonical":"https:\/\/holapu.com\/en\/retrospective\/","og_locale":"en_US","og_type":"article","og_title":"R\u00e9trospective - Holapu","og_description":"Photos des stands des \u00e9v\u00e9nements auxquels a particip\u00e9 Doudy. Conventions geek, salons, expositions, festivals...","og_url":"https:\/\/holapu.com\/en\/retrospective\/","og_site_name":"Holapu","article_publisher":"https:\/\/www.facebook.com\/DoudyCD\/","article_modified_time":"2025-08-15T11:11:38+00:00","og_image":[{"width":391,"height":600,"url":"https:\/\/holapu.com\/wp-content\/uploads\/2020\/03\/1-1.png","type":"image\/png"}],"twitter_card":"summary_large_image","twitter_site":"@DoudyCD","twitter_misc":{"Est. reading time":"2 minutes"},"schema":{"@context":"https:\/\/schema.org","@graph":[{"@type":"WebPage","@id":"https:\/\/holapu.com\/retrospective\/","url":"https:\/\/holapu.com\/retrospective\/","name":"R\u00e9trospective - Holapu","isPartOf":{"@id":"https:\/\/holapu.com\/#website"},"primaryImageOfPage":{"@id":"https:\/\/holapu.com\/retrospective\/#primaryimage"},"image":{"@id":"https:\/\/holapu.com\/retrospective\/#primaryimage"},"thumbnailUrl":"https:\/\/holapu.com\/wp-content\/uploads\/2020\/03\/1-1.png","datePublished":"2020-03-12T09:39:04+00:00","dateModified":"2025-08-15T11:11:38+00:00","description":"Photos des stands des \u00e9v\u00e9nements auxquels a particip\u00e9 Doudy. Conventions geek, salons, expositions, festivals...","breadcrumb":{"@id":"https:\/\/holapu.com\/retrospective\/#breadcrumb"},"inLanguage":"en-US","potentialAction":[{"@type":"ReadAction","target":["https:\/\/holapu.com\/retrospective\/"]}]},{"@type":"ImageObject","inLanguage":"en-US","@id":"https:\/\/holapu.com\/retrospective\/#primaryimage","url":"https:\/\/holapu.com\/wp-content\/uploads\/2020\/03\/1-1.png","contentUrl":"https:\/\/holapu.com\/wp-content\/uploads\/2020\/03\/1-1.png","width":391,"height":600},{"@type":"BreadcrumbList","@id":"https:\/\/holapu.com\/retrospective\/#breadcrumb","itemListElement":[{"@type":"ListItem","position":1,"name":"Accueil","item":"https:\/\/holapu.com\/"},{"@type":"ListItem","position":2,"name":"R\u00e9trospective"}]},{"@type":"WebSite","@id":"https:\/\/holapu.com\/#website","url":"https:\/\/holapu.com\/","name":"Holapu","description":"","publisher":{"@id":"https:\/\/holapu.com\/#organization"},"potentialAction":[{"@type":"SearchAction","target":{"@type":"EntryPoint","urlTemplate":"https:\/\/holapu.com\/?s={search_term_string}"},"query-input":{"@type":"PropertyValueSpecification","valueRequired":true,"valueName":"search_term_string"}}],"inLanguage":"en-US"},{"@type":"Organization","@id":"https:\/\/holapu.com\/#organization","name":"Holapu","url":"https:\/\/holapu.com\/","logo":{"@type":"ImageObject","inLanguage":"en-US","@id":"https:\/\/holapu.com\/#\/schema\/logo\/image\/","url":"https:\/\/holapu.com\/wp-content\/uploads\/2025\/03\/Icone-rogne.png","contentUrl":"https:\/\/holapu.com\/wp-content\/uploads\/2025\/03\/Icone-rogne.png","width":2000,"height":2000,"caption":"Holapu"},"image":{"@id":"https:\/\/holapu.com\/#\/schema\/logo\/image\/"},"sameAs":["https:\/\/www.facebook.com\/DoudyCD\/","https:\/\/x.com\/DoudyCD","https:\/\/instagram.com\/doudycindy","https:\/\/www.youtube.com\/channel\/UCPsu-ld2zLxK_tbdwW0bhUA"]}]}},"_links":{"self":[{"href":"https:\/\/holapu.com\/en\/wp-json\/wp\/v2\/pages\/2009","targetHints":{"allow":["GET"]}}],"collection":[{"href":"https:\/\/holapu.com\/en\/wp-json\/wp\/v2\/pages"}],"about":[{"href":"https:\/\/holapu.com\/en\/wp-json\/wp\/v2\/types\/page"}],"author":[{"embeddable":true,"href":"https:\/\/holapu.com\/en\/wp-json\/wp\/v2\/users\/1"}],"replies":[{"embeddable":true,"href":"https:\/\/holapu.com\/en\/wp-json\/wp\/v2\/comments?post=2009"}],"version-history":[{"count":57,"href":"https:\/\/holapu.com\/en\/wp-json\/wp\/v2\/pages\/2009\/revisions"}],"predecessor-version":[{"id":13023,"href":"https:\/\/holapu.com\/en\/wp-json\/wp\/v2\/pages\/2009\/revisions\/13023"}],"wp:featuredmedia":[{"embeddable":true,"href":"https:\/\/holapu.com\/en\/wp-json\/wp\/v2\/media\/2071"}],"wp:attachment":[{"href":"https:\/\/holapu.com\/en\/wp-json\/wp\/v2\/media?parent=2009"}],"curies":[{"name":"wp","href":"https:\/\/api.w.org\/{rel}","templated":true}]}}