{"id":730,"date":"2020-02-04T19:30:21","date_gmt":"2020-02-04T18:30:21","guid":{"rendered":"https:\/\/holapu.com\/?page_id=730"},"modified":"2025-08-15T12:12:57","modified_gmt":"2025-08-15T10:12:57","slug":"a-venir","status":"publish","type":"page","link":"https:\/\/holapu.com\/en\/a-venir\/","title":{"rendered":"To come"},"content":{"rendered":"<div data-elementor-type=\"wp-page\" data-elementor-id=\"730\" class=\"elementor elementor-730\">\n\t\t\t\t\t\t<section class=\"elementor-section elementor-top-section elementor-element elementor-element-a8847b9 elementor-section-boxed elementor-section-height-default elementor-section-height-default\" data-id=\"a8847b9\" data-element_type=\"section\" data-e-type=\"section\">\n\t\t\t\t\t\t<div class=\"elementor-container elementor-column-gap-default\">\n\t\t\t\t\t<div class=\"elementor-column elementor-col-100 elementor-top-column elementor-element elementor-element-0bd0e5e\" data-id=\"0bd0e5e\" data-element_type=\"column\" data-e-type=\"column\">\n\t\t\t<div class=\"elementor-widget-wrap elementor-element-populated\">\n\t\t\t\t\t\t<div class=\"elementor-element elementor-element-2841071 e-transform elementor-widget elementor-widget-text-editor\" data-id=\"2841071\" data-element_type=\"widget\" data-e-type=\"widget\" data-settings=\"{&quot;_transform_rotateZ_effect&quot;:{&quot;unit&quot;:&quot;px&quot;,&quot;size&quot;:-3,&quot;sizes&quot;:[]},&quot;_transform_rotateZ_effect_tablet&quot;:{&quot;unit&quot;:&quot;deg&quot;,&quot;size&quot;:&quot;&quot;,&quot;sizes&quot;:[]},&quot;_transform_rotateZ_effect_mobile&quot;:{&quot;unit&quot;:&quot;deg&quot;,&quot;size&quot;:&quot;&quot;,&quot;sizes&quot;:[]}}\" data-widget_type=\"text-editor.default\">\n\t\t\t\t<div class=\"elementor-widget-container\">\n\t\t\t\t\t\t\t\t\t<p class=\"translation-block\">Here are the events I'll exhibit at.<br>\nClick on the pics for more info!<\/p>\t\t\t\t\t\t\t\t<\/div>\n\t\t\t\t<\/div>\n\t\t\t\t\t<\/div>\n\t\t<\/div>\n\t\t\t\t\t<\/div>\n\t\t<\/section>\n\t\t\t\t<section class=\"elementor-section elementor-top-section elementor-element elementor-element-ae130a1 elementor-section-boxed elementor-section-height-default elementor-section-height-default\" data-id=\"ae130a1\" data-element_type=\"section\" data-e-type=\"section\">\n\t\t\t\t\t\t<div class=\"elementor-container elementor-column-gap-default\">\n\t\t\t\t\t<div class=\"elementor-column elementor-col-100 elementor-top-column elementor-element elementor-element-2cc9751\" data-id=\"2cc9751\" data-element_type=\"column\" data-e-type=\"column\">\n\t\t\t<div class=\"elementor-widget-wrap elementor-element-populated\">\n\t\t\t\t\t\t<div class=\"elementor-element elementor-element-4297b50 elementor-widget__width-initial elementor-widget elementor-widget-image\" data-id=\"4297b50\" data-element_type=\"widget\" data-e-type=\"widget\" data-widget_type=\"image.default\">\n\t\t\t\t<div class=\"elementor-widget-container\">\n\t\t\t\t\t\t\t\t\t\t\t\t\t\t\t\t<a href=\"https:\/\/japanaddictz.fr\/\">\n\t\t\t\t\t\t\t<img decoding=\"async\" src=\"https:\/\/scontent-fra5-1.xx.fbcdn.net\/v\/t39.30808-6\/428628349_786465800192030_2023730797937133263_n.jpg?_nc_cat=108&#038;ccb=1-7&#038;_nc_sid=5f2048&#038;_nc_ohc=OfrfPc5dshAAX-Iamy2&#038;_nc_ht=scontent-fra5-1.xx&#038;oh=00_AfDyX56sMH21J3c2zaIkgqnjVXrP-9FZ4dQmtfTAmu0n1w&#038;oe=65F6C3CE\" title=\"\" alt=\"\" loading=\"lazy\" \/>\t\t\t\t\t\t\t\t<\/a>\n\t\t\t\t\t\t\t\t\t\t\t\t\t\t\t<\/div>\n\t\t\t\t<\/div>\n\t\t\t\t\t<\/div>\n\t\t<\/div>\n\t\t\t\t\t<\/div>\n\t\t<\/section>\n\t\t\t\t<\/div>","protected":false},"excerpt":{"rendered":"<p class=\"translation-block\">Here are the events I'll exhibit at.<br>\nClick on the pics for more info!<\/p>","protected":false},"author":1,"featured_media":0,"parent":0,"menu_order":0,"comment_status":"closed","ping_status":"closed","template":"","meta":{"footnotes":""},"class_list":["post-730","page","type-page","status-publish","hentry","entry"],"yoast_head":"<!-- This site is optimized with the Yoast SEO plugin v27.5 - https:\/\/yoast.com\/product\/yoast-seo-wordpress\/ -->\n<title>\u00c0 venir - Holapu<\/title>\n<meta name=\"description\" content=\"Liste des prochains \u00e9v\u00e9nements (conventions geek, salons, expositions, festivals...) auxquels Doudy participera.\" \/>\n<meta name=\"robots\" content=\"index, follow, max-snippet:-1, max-image-preview:large, max-video-preview:-1\" \/>\n<link rel=\"canonical\" href=\"https:\/\/holapu.com\/en\/a-venir\/\" \/>\n<meta property=\"og:locale\" content=\"en_US\" \/>\n<meta property=\"og:type\" content=\"article\" \/>\n<meta property=\"og:title\" content=\"\u00c0 venir - Holapu\" \/>\n<meta property=\"og:description\" content=\"Liste des prochains \u00e9v\u00e9nements (conventions geek, salons, expositions, festivals...) auxquels Doudy participera.\" \/>\n<meta property=\"og:url\" content=\"https:\/\/holapu.com\/en\/a-venir\/\" \/>\n<meta property=\"og:site_name\" content=\"Holapu\" \/>\n<meta property=\"article:publisher\" content=\"https:\/\/www.facebook.com\/DoudyCD\/\" \/>\n<meta property=\"article:modified_time\" content=\"2025-08-15T10:12:57+00:00\" \/>\n<meta property=\"og:image\" content=\"https:\/\/scontent-fra5-1.xx.fbcdn.net\/v\/t39.30808-6\/428628349_786465800192030_2023730797937133263_n.jpg?_nc_cat=108&#038;ccb=1-7&#038;_nc_sid=5f2048&#038;_nc_ohc=OfrfPc5dshAAX-Iamy2&#038;_nc_ht=scontent-fra5-1.xx&#038;oh=00_AfDyX56sMH21J3c2zaIkgqnjVXrP-9FZ4dQmtfTAmu0n1w&#038;oe=65F6C3CE\" \/>\n<meta name=\"twitter:card\" content=\"summary_large_image\" \/>\n<meta name=\"twitter:site\" content=\"@DoudyCD\" \/>\n<meta name=\"twitter:label1\" content=\"Est. reading time\" \/>\n\t<meta name=\"twitter:data1\" content=\"1 minute\" \/>\n<script type=\"application\/ld+json\" class=\"yoast-schema-graph\">{\"@context\":\"https:\\\/\\\/schema.org\",\"@graph\":[{\"@type\":\"WebPage\",\"@id\":\"https:\\\/\\\/holapu.com\\\/a-venir\\\/\",\"url\":\"https:\\\/\\\/holapu.com\\\/a-venir\\\/\",\"name\":\"\u00c0 venir - Holapu\",\"isPartOf\":{\"@id\":\"https:\\\/\\\/holapu.com\\\/#website\"},\"primaryImageOfPage\":{\"@id\":\"https:\\\/\\\/holapu.com\\\/a-venir\\\/#primaryimage\"},\"image\":{\"@id\":\"https:\\\/\\\/holapu.com\\\/a-venir\\\/#primaryimage\"},\"thumbnailUrl\":\"https:\\\/\\\/scontent-fra5-1.xx.fbcdn.net\\\/v\\\/t39.30808-6\\\/428628349_786465800192030_2023730797937133263_n.jpg?_nc_cat=108&#038;ccb=1-7&#038;_nc_sid=5f2048&#038;_nc_ohc=OfrfPc5dshAAX-Iamy2&#038;_nc_ht=scontent-fra5-1.xx&#038;oh=00_AfDyX56sMH21J3c2zaIkgqnjVXrP-9FZ4dQmtfTAmu0n1w&#038;oe=65F6C3CE\",\"datePublished\":\"2020-02-04T18:30:21+00:00\",\"dateModified\":\"2025-08-15T10:12:57+00:00\",\"description\":\"Liste des prochains \u00e9v\u00e9nements (conventions geek, salons, expositions, festivals...) auxquels Doudy participera.\",\"breadcrumb\":{\"@id\":\"https:\\\/\\\/holapu.com\\\/a-venir\\\/#breadcrumb\"},\"inLanguage\":\"en-US\",\"potentialAction\":[{\"@type\":\"ReadAction\",\"target\":[\"https:\\\/\\\/holapu.com\\\/a-venir\\\/\"]}]},{\"@type\":\"ImageObject\",\"inLanguage\":\"en-US\",\"@id\":\"https:\\\/\\\/holapu.com\\\/a-venir\\\/#primaryimage\",\"url\":\"https:\\\/\\\/scontent-fra5-1.xx.fbcdn.net\\\/v\\\/t39.30808-6\\\/428628349_786465800192030_2023730797937133263_n.jpg?_nc_cat=108&#038;ccb=1-7&#038;_nc_sid=5f2048&#038;_nc_ohc=OfrfPc5dshAAX-Iamy2&#038;_nc_ht=scontent-fra5-1.xx&#038;oh=00_AfDyX56sMH21J3c2zaIkgqnjVXrP-9FZ4dQmtfTAmu0n1w&#038;oe=65F6C3CE\",\"contentUrl\":\"https:\\\/\\\/scontent-fra5-1.xx.fbcdn.net\\\/v\\\/t39.30808-6\\\/428628349_786465800192030_2023730797937133263_n.jpg?_nc_cat=108&#038;ccb=1-7&#038;_nc_sid=5f2048&#038;_nc_ohc=OfrfPc5dshAAX-Iamy2&#038;_nc_ht=scontent-fra5-1.xx&#038;oh=00_AfDyX56sMH21J3c2zaIkgqnjVXrP-9FZ4dQmtfTAmu0n1w&#038;oe=65F6C3CE\"},{\"@type\":\"BreadcrumbList\",\"@id\":\"https:\\\/\\\/holapu.com\\\/a-venir\\\/#breadcrumb\",\"itemListElement\":[{\"@type\":\"ListItem\",\"position\":1,\"name\":\"Accueil\",\"item\":\"https:\\\/\\\/holapu.com\\\/\"},{\"@type\":\"ListItem\",\"position\":2,\"name\":\"\u00c0 venir\"}]},{\"@type\":\"WebSite\",\"@id\":\"https:\\\/\\\/holapu.com\\\/#website\",\"url\":\"https:\\\/\\\/holapu.com\\\/\",\"name\":\"Holapu\",\"description\":\"\",\"publisher\":{\"@id\":\"https:\\\/\\\/holapu.com\\\/#organization\"},\"potentialAction\":[{\"@type\":\"SearchAction\",\"target\":{\"@type\":\"EntryPoint\",\"urlTemplate\":\"https:\\\/\\\/holapu.com\\\/?s={search_term_string}\"},\"query-input\":{\"@type\":\"PropertyValueSpecification\",\"valueRequired\":true,\"valueName\":\"search_term_string\"}}],\"inLanguage\":\"en-US\"},{\"@type\":\"Organization\",\"@id\":\"https:\\\/\\\/holapu.com\\\/#organization\",\"name\":\"Holapu\",\"url\":\"https:\\\/\\\/holapu.com\\\/\",\"logo\":{\"@type\":\"ImageObject\",\"inLanguage\":\"en-US\",\"@id\":\"https:\\\/\\\/holapu.com\\\/#\\\/schema\\\/logo\\\/image\\\/\",\"url\":\"https:\\\/\\\/holapu.com\\\/wp-content\\\/uploads\\\/2025\\\/03\\\/Icone-rogne.png\",\"contentUrl\":\"https:\\\/\\\/holapu.com\\\/wp-content\\\/uploads\\\/2025\\\/03\\\/Icone-rogne.png\",\"width\":2000,\"height\":2000,\"caption\":\"Holapu\"},\"image\":{\"@id\":\"https:\\\/\\\/holapu.com\\\/#\\\/schema\\\/logo\\\/image\\\/\"},\"sameAs\":[\"https:\\\/\\\/www.facebook.com\\\/DoudyCD\\\/\",\"https:\\\/\\\/x.com\\\/DoudyCD\",\"https:\\\/\\\/instagram.com\\\/doudycindy\",\"https:\\\/\\\/www.youtube.com\\\/channel\\\/UCPsu-ld2zLxK_tbdwW0bhUA\"]}]}<\/script>\n<!-- \/ Yoast SEO plugin. -->","yoast_head_json":{"title":"\u00c0 venir - Holapu","description":"Liste des prochains \u00e9v\u00e9nements (conventions geek, salons, expositions, festivals...) auxquels Doudy participera.","robots":{"index":"index","follow":"follow","max-snippet":"max-snippet:-1","max-image-preview":"max-image-preview:large","max-video-preview":"max-video-preview:-1"},"canonical":"https:\/\/holapu.com\/en\/a-venir\/","og_locale":"en_US","og_type":"article","og_title":"\u00c0 venir - Holapu","og_description":"Liste des prochains \u00e9v\u00e9nements (conventions geek, salons, expositions, festivals...) auxquels Doudy participera.","og_url":"https:\/\/holapu.com\/en\/a-venir\/","og_site_name":"Holapu","article_publisher":"https:\/\/www.facebook.com\/DoudyCD\/","article_modified_time":"2025-08-15T10:12:57+00:00","og_image":[{"url":"https:\/\/scontent-fra5-1.xx.fbcdn.net\/v\/t39.30808-6\/428628349_786465800192030_2023730797937133263_n.jpg?_nc_cat=108&#038;ccb=1-7&#038;_nc_sid=5f2048&#038;_nc_ohc=OfrfPc5dshAAX-Iamy2&#038;_nc_ht=scontent-fra5-1.xx&#038;oh=00_AfDyX56sMH21J3c2zaIkgqnjVXrP-9FZ4dQmtfTAmu0n1w&#038;oe=65F6C3CE","type":"","width":"","height":""}],"twitter_card":"summary_large_image","twitter_site":"@DoudyCD","twitter_misc":{"Est. reading time":"1 minute"},"schema":{"@context":"https:\/\/schema.org","@graph":[{"@type":"WebPage","@id":"https:\/\/holapu.com\/a-venir\/","url":"https:\/\/holapu.com\/a-venir\/","name":"\u00c0 venir - Holapu","isPartOf":{"@id":"https:\/\/holapu.com\/#website"},"primaryImageOfPage":{"@id":"https:\/\/holapu.com\/a-venir\/#primaryimage"},"image":{"@id":"https:\/\/holapu.com\/a-venir\/#primaryimage"},"thumbnailUrl":"https:\/\/scontent-fra5-1.xx.fbcdn.net\/v\/t39.30808-6\/428628349_786465800192030_2023730797937133263_n.jpg?_nc_cat=108&#038;ccb=1-7&#038;_nc_sid=5f2048&#038;_nc_ohc=OfrfPc5dshAAX-Iamy2&#038;_nc_ht=scontent-fra5-1.xx&#038;oh=00_AfDyX56sMH21J3c2zaIkgqnjVXrP-9FZ4dQmtfTAmu0n1w&#038;oe=65F6C3CE","datePublished":"2020-02-04T18:30:21+00:00","dateModified":"2025-08-15T10:12:57+00:00","description":"Liste des prochains \u00e9v\u00e9nements (conventions geek, salons, expositions, festivals...) auxquels Doudy participera.","breadcrumb":{"@id":"https:\/\/holapu.com\/a-venir\/#breadcrumb"},"inLanguage":"en-US","potentialAction":[{"@type":"ReadAction","target":["https:\/\/holapu.com\/a-venir\/"]}]},{"@type":"ImageObject","inLanguage":"en-US","@id":"https:\/\/holapu.com\/a-venir\/#primaryimage","url":"https:\/\/scontent-fra5-1.xx.fbcdn.net\/v\/t39.30808-6\/428628349_786465800192030_2023730797937133263_n.jpg?_nc_cat=108&#038;ccb=1-7&#038;_nc_sid=5f2048&#038;_nc_ohc=OfrfPc5dshAAX-Iamy2&#038;_nc_ht=scontent-fra5-1.xx&#038;oh=00_AfDyX56sMH21J3c2zaIkgqnjVXrP-9FZ4dQmtfTAmu0n1w&#038;oe=65F6C3CE","contentUrl":"https:\/\/scontent-fra5-1.xx.fbcdn.net\/v\/t39.30808-6\/428628349_786465800192030_2023730797937133263_n.jpg?_nc_cat=108&#038;ccb=1-7&#038;_nc_sid=5f2048&#038;_nc_ohc=OfrfPc5dshAAX-Iamy2&#038;_nc_ht=scontent-fra5-1.xx&#038;oh=00_AfDyX56sMH21J3c2zaIkgqnjVXrP-9FZ4dQmtfTAmu0n1w&#038;oe=65F6C3CE"},{"@type":"BreadcrumbList","@id":"https:\/\/holapu.com\/a-venir\/#breadcrumb","itemListElement":[{"@type":"ListItem","position":1,"name":"Accueil","item":"https:\/\/holapu.com\/"},{"@type":"ListItem","position":2,"name":"\u00c0 venir"}]},{"@type":"WebSite","@id":"https:\/\/holapu.com\/#website","url":"https:\/\/holapu.com\/","name":"Holapu","description":"","publisher":{"@id":"https:\/\/holapu.com\/#organization"},"potentialAction":[{"@type":"SearchAction","target":{"@type":"EntryPoint","urlTemplate":"https:\/\/holapu.com\/?s={search_term_string}"},"query-input":{"@type":"PropertyValueSpecification","valueRequired":true,"valueName":"search_term_string"}}],"inLanguage":"en-US"},{"@type":"Organization","@id":"https:\/\/holapu.com\/#organization","name":"Holapu","url":"https:\/\/holapu.com\/","logo":{"@type":"ImageObject","inLanguage":"en-US","@id":"https:\/\/holapu.com\/#\/schema\/logo\/image\/","url":"https:\/\/holapu.com\/wp-content\/uploads\/2025\/03\/Icone-rogne.png","contentUrl":"https:\/\/holapu.com\/wp-content\/uploads\/2025\/03\/Icone-rogne.png","width":2000,"height":2000,"caption":"Holapu"},"image":{"@id":"https:\/\/holapu.com\/#\/schema\/logo\/image\/"},"sameAs":["https:\/\/www.facebook.com\/DoudyCD\/","https:\/\/x.com\/DoudyCD","https:\/\/instagram.com\/doudycindy","https:\/\/www.youtube.com\/channel\/UCPsu-ld2zLxK_tbdwW0bhUA"]}]}},"_links":{"self":[{"href":"https:\/\/holapu.com\/en\/wp-json\/wp\/v2\/pages\/730","targetHints":{"allow":["GET"]}}],"collection":[{"href":"https:\/\/holapu.com\/en\/wp-json\/wp\/v2\/pages"}],"about":[{"href":"https:\/\/holapu.com\/en\/wp-json\/wp\/v2\/types\/page"}],"author":[{"embeddable":true,"href":"https:\/\/holapu.com\/en\/wp-json\/wp\/v2\/users\/1"}],"replies":[{"embeddable":true,"href":"https:\/\/holapu.com\/en\/wp-json\/wp\/v2\/comments?post=730"}],"version-history":[{"count":36,"href":"https:\/\/holapu.com\/en\/wp-json\/wp\/v2\/pages\/730\/revisions"}],"predecessor-version":[{"id":12960,"href":"https:\/\/holapu.com\/en\/wp-json\/wp\/v2\/pages\/730\/revisions\/12960"}],"wp:attachment":[{"href":"https:\/\/holapu.com\/en\/wp-json\/wp\/v2\/media?parent=730"}],"curies":[{"name":"wp","href":"https:\/\/api.w.org\/{rel}","templated":true}]}}